{"id":108,"date":"2022-05-12T20:01:24","date_gmt":"2022-05-12T18:01:24","guid":{"rendered":"https:\/\/relaxujanci.cz\/?page_id=108"},"modified":"2025-05-06T20:15:24","modified_gmt":"2025-05-06T18:15:24","slug":"domu","status":"publish","type":"page","link":"https:\/\/relaxujanci.cz\/","title":{"rendered":"Dom\u016f"},"content":{"rendered":"<style>.elementor-108 .elementor-element.elementor-element-7e5d2fdf:not(.elementor-motion-effects-element-type-background) > .elementor-widget-wrap, .elementor-108 .elementor-element.elementor-element-7e5d2fdf > .elementor-widget-wrap > .elementor-motion-effects-container > .elementor-motion-effects-layer{background-image:url(\"https:\/\/relaxujanci.cz\/wp-content\/uploads\/2023\/02\/massage.jpg\");background-position:center right;background-repeat:no-repeat;background-size:cover;}.elementor-108 .elementor-element.elementor-element-7e5d2fdf > .elementor-element-populated{transition:background 0.3s, border 0.3s, border-radius 0.3s, box-shadow 0.3s;}.elementor-108 .elementor-element.elementor-element-7e5d2fdf > .elementor-element-populated > .elementor-background-overlay{transition:background 0.3s, border-radius 0.3s, opacity 0.3s;}.elementor-108 .elementor-element.elementor-element-718294f0{--spacer-size:50px;}.elementor-108 .elementor-element.elementor-element-3ca09eb2:not(.elementor-motion-effects-element-type-background) > .elementor-widget-wrap, .elementor-108 .elementor-element.elementor-element-3ca09eb2 > .elementor-widget-wrap > .elementor-motion-effects-container > .elementor-motion-effects-layer{background-color:var( --e-global-color-ffb7376 );}.elementor-108 .elementor-element.elementor-element-3ca09eb2 > .elementor-element-populated >  .elementor-background-overlay{background-image:url(\"https:\/\/relaxujanci.cz\/wp-content\/uploads\/2022\/05\/90-1.jpg\");background-position:center center;background-repeat:no-repeat;background-size:cover;opacity:0.11;}.elementor-bc-flex-widget .elementor-108 .elementor-element.elementor-element-3ca09eb2.elementor-column .elementor-widget-wrap{align-items:center;}.elementor-108 .elementor-element.elementor-element-3ca09eb2.elementor-column.elementor-element[data-element_type=\"column\"] > .elementor-widget-wrap.elementor-element-populated{align-content:center;align-items:center;}.elementor-108 .elementor-element.elementor-element-3ca09eb2 > .elementor-element-populated > .elementor-background-overlay{mix-blend-mode:multiply;transition:background 0.3s, border-radius 0.3s, opacity 0.3s;}.elementor-108 .elementor-element.elementor-element-3ca09eb2 > .elementor-element-populated{transition:background 0.3s, border 0.3s, border-radius 0.3s, box-shadow 0.3s;padding:8em 8em 14em 3em;}.elementor-108 .elementor-element.elementor-element-40d80c03 .elementor-heading-title{font-family:var( --e-global-typography-primary-font-family ), Sans-serif;font-weight:var( --e-global-typography-primary-font-weight );color:#6F7AA2;}.elementor-108 .elementor-element.elementor-element-713e5157 > .elementor-widget-container{padding:0px 0px 0px 0px;}.elementor-108 .elementor-element.elementor-element-713e5157{font-family:var( --e-global-typography-primary-font-family ), Sans-serif;font-weight:var( --e-global-typography-primary-font-weight );color:var( --e-global-color-primary );}.elementor-108 .elementor-element.elementor-element-2c77f0ed{width:auto;max-width:auto;}.elementor-108 .elementor-element.elementor-element-2c77f0ed > .elementor-widget-container{border-style:solid;border-width:0px 0px 0px 0px;border-color:#DA8E8E;}.elementor-108 .elementor-element.elementor-element-2c77f0ed .elementor-button-content-wrapper{flex-direction:row-reverse;}.elementor-108 .elementor-element.elementor-element-2c77f0ed .elementor-button .elementor-button-content-wrapper{gap:19px;}.elementor-108 .elementor-element.elementor-element-2c77f0ed .elementor-button{font-family:\"Jost\", Sans-serif;font-size:20px;font-weight:bold;text-transform:capitalize;fill:#FBFBFB;color:#FBFBFB;}.elementor-108 .elementor-element.elementor-element-a429df2{width:auto;max-width:auto;}.elementor-108 .elementor-element.elementor-element-a429df2 > .elementor-widget-container{margin:0px 0px 0px 0px;padding:14px 16px 9px 16px;border-style:solid;border-width:1px 1px 1px 1px;border-color:#E6A7A7;border-radius:0px 0px 0px 0px;}.elementor-108 .elementor-element.elementor-element-a429df2 .elementor-heading-title{font-family:\"Roboto\", Sans-serif;font-size:30px;font-weight:700;color:#6F7AA2;}.elementor-108 .elementor-element.elementor-element-2246e40a:not(.elementor-motion-effects-element-type-background), .elementor-108 .elementor-element.elementor-element-2246e40a > .elementor-motion-effects-container > .elementor-motion-effects-layer{background-color:transparent;background-image:linear-gradient(270deg, #FFFFFF00 50%, var( --e-global-color-390b4b7 ) 10%);}.elementor-108 .elementor-element.elementor-element-2246e40a > .elementor-background-overlay{opacity:0.05;transition:background 0.3s, border-radius 0.3s, opacity 0.3s;}.elementor-108 .elementor-element.elementor-element-2246e40a{transition:background 0.3s, border 0.3s, border-radius 0.3s, box-shadow 0.3s;}.elementor-108 .elementor-element.elementor-element-27c0aaba:not(.elementor-motion-effects-element-type-background) > .elementor-widget-wrap, .elementor-108 .elementor-element.elementor-element-27c0aaba > .elementor-widget-wrap > .elementor-motion-effects-container > .elementor-motion-effects-layer{background-color:var( --e-global-color-390b4b7 );}.elementor-bc-flex-widget .elementor-108 .elementor-element.elementor-element-27c0aaba.elementor-column .elementor-widget-wrap{align-items:center;}.elementor-108 .elementor-element.elementor-element-27c0aaba.elementor-column.elementor-element[data-element_type=\"column\"] > .elementor-widget-wrap.elementor-element-populated{align-content:center;align-items:center;}.elementor-108 .elementor-element.elementor-element-27c0aaba > .elementor-element-populated >  .elementor-background-overlay{opacity:0.12;}.elementor-108 .elementor-element.elementor-element-27c0aaba > .elementor-element-populated > .elementor-background-overlay{mix-blend-mode:multiply;transition:background 0.3s, border-radius 0.3s, opacity 0.3s;}.elementor-108 .elementor-element.elementor-element-27c0aaba > .elementor-element-populated{transition:background 0.3s, border 0.3s, border-radius 0.3s, box-shadow 0.3s;margin:1.5em 1.5em 1.5em 0em;--e-column-margin-right:1.5em;--e-column-margin-left:0em;}.elementor-108 .elementor-element.elementor-element-4af258cd > .elementor-background-overlay{background-color:var( --e-global-color-ba1c933 );opacity:0.25;}.elementor-108 .elementor-element.elementor-element-4af258cd{margin-top:0px;margin-bottom:0px;padding:1em 1em 1em 1em;}.elementor-bc-flex-widget .elementor-108 .elementor-element.elementor-element-20360798.elementor-column .elementor-widget-wrap{align-items:center;}.elementor-108 .elementor-element.elementor-element-20360798.elementor-column.elementor-element[data-element_type=\"column\"] > .elementor-widget-wrap.elementor-element-populated{align-content:center;align-items:center;}.elementor-108 .elementor-element.elementor-element-20360798 > .elementor-widget-wrap > .elementor-widget:not(.elementor-widget__width-auto):not(.elementor-widget__width-initial):not(:last-child):not(.elementor-absolute){margin-block-end:: 10px;}.elementor-108 .elementor-element.elementor-element-108cc1b{text-align:start;}.elementor-108 .elementor-element.elementor-element-108cc1b .elementor-heading-title{color:var( --e-global-color-primary );}.elementor-108 .elementor-element.elementor-element-5fc7da27.jkit-equal-height-enable, .elementor-108 .elementor-element.elementor-element-5fc7da27.jkit-equal-height-enable > .elementor-widget-container, .elementor-108 .elementor-element.elementor-element-5fc7da27.jkit-equal-height-enable .jeg-elementor-kit.jkit-icon-box, .elementor-108 .elementor-element.elementor-element-5fc7da27.jkit-equal-height-enable .jeg-elementor-kit.jkit-icon-box .jkit-icon-box-wrapper{height:100%;}.elementor-108 .elementor-element.elementor-element-5fc7da27 .jeg-elementor-kit.jkit-icon-box .jkit-icon-box-wrapper{text-align:left;padding:0px 0px 0px 0px;border-style:solid;border-width:0px 0px 0px 0px;border-radius:0px 0px 0px 0px;}.elementor-108 .elementor-element.elementor-element-5fc7da27 .jeg-elementor-kit.jkit-icon-box .title{padding:0px 0px 0px 0px;color:var( --e-global-color-primary );}.elementor-108 .elementor-element.elementor-element-5fc7da27 .jeg-elementor-kit.jkit-icon-box .hover-watermark i{font-size:100px;}.elementor-108 .elementor-element.elementor-element-5fc7da27 .jeg-elementor-kit.jkit-icon-box .hover-watermark svg{width:100px;}.elementor-108 .elementor-element.elementor-element-5fc7da27 .jeg-elementor-kit.jkit-icon-box .icon-box > .icon{color:var( --e-global-color-primary );border-radius:0px 0px 0px 0px;margin:10px 0px 0px 0px;padding:0px 0px 0px 0px;height:40px;width:44px;}.elementor-108 .elementor-element.elementor-element-5fc7da27 .jeg-elementor-kit.jkit-icon-box .icon-box > .icon svg{fill:var( --e-global-color-primary );width:30px;}.elementor-108 .elementor-element.elementor-element-5fc7da27 .jeg-elementor-kit.jkit-icon-box .icon-box > .icon i{font-size:30px;}.elementor-108 .elementor-element.elementor-element-4d40570 > .elementor-widget-container{margin:0px 0px 0px 0px;padding:0px 0px 0px 0px;}:root{--page-title-display:none;}@media(min-width:768px){.elementor-108 .elementor-element.elementor-element-7e5d2fdf{width:50%;}.elementor-108 .elementor-element.elementor-element-3ca09eb2{width:50%;}}@media(max-width:1024px) and (min-width:768px){.elementor-108 .elementor-element.elementor-element-7e5d2fdf{width:100%;}.elementor-108 .elementor-element.elementor-element-3ca09eb2{width:100%;}.elementor-108 .elementor-element.elementor-element-27c0aaba{width:100%;}}@media(max-width:1024px){.elementor-108 .elementor-element.elementor-element-7e5d2fdf > .elementor-element-populated{padding:6em 0em 6em 0em;}.elementor-108 .elementor-element.elementor-element-718294f0{--spacer-size:0px;}.elementor-108 .elementor-element.elementor-element-718294f0 > .elementor-widget-container{margin:0% 0% 50% 0%;}.elementor-108 .elementor-element.elementor-element-3ca09eb2 > .elementor-element-populated{padding:4em 2em 4em 2em;}.elementor-108 .elementor-element.elementor-element-40d80c03{text-align:center;}.elementor-108 .elementor-element.elementor-element-713e5157{text-align:center;}.elementor-108 .elementor-element.elementor-element-a429df2{text-align:center;}.elementor-108 .elementor-element.elementor-element-27c0aaba > .elementor-element-populated{margin:0em 0em 0em 0em;--e-column-margin-right:0em;--e-column-margin-left:0em;padding:2em 2em 2em 2em;}.elementor-108 .elementor-element.elementor-element-4af258cd{padding:2em 2em 2em 2em;}.elementor-108 .elementor-element.elementor-element-108cc1b{text-align:start;}.elementor-108 .elementor-element.elementor-element-4d40570{text-align:start;}}@media(max-width:767px){.elementor-108 .elementor-element.elementor-element-3ca09eb2 > .elementor-element-populated{padding:3em 1em 3em 1em;}.elementor-108 .elementor-element.elementor-element-40d80c03{text-align:center;}.elementor-108 .elementor-element.elementor-element-713e5157{text-align:center;}.elementor-108 .elementor-element.elementor-element-2c77f0ed{width:100%;max-width:100%;}.elementor-108 .elementor-element.elementor-element-a429df2{text-align:center;}.elementor-108 .elementor-element.elementor-element-2246e40a{padding:0px 0px 0px 0px;}.elementor-108 .elementor-element.elementor-element-27c0aaba{width:100%;}.elementor-bc-flex-widget .elementor-108 .elementor-element.elementor-element-27c0aaba.elementor-column .elementor-widget-wrap{align-items:center;}.elementor-108 .elementor-element.elementor-element-27c0aaba.elementor-column.elementor-element[data-element_type=\"column\"] > .elementor-widget-wrap.elementor-element-populated{align-content:center;align-items:center;}.elementor-108 .elementor-element.elementor-element-27c0aaba > .elementor-element-populated{padding:1em 1em 1em 1em;}.elementor-108 .elementor-element.elementor-element-4af258cd{padding:1.5em 1.5em 1.5em 1.5em;}.elementor-108 .elementor-element.elementor-element-20360798 > .elementor-element-populated{padding:0px 0px 0px 0px;}.elementor-108 .elementor-element.elementor-element-108cc1b{text-align:start;}}@media (min-width: 1025px) {.elementor-element.elementor-element-5fc7da27 .jeg-elementor-kit.jkit-icon-box .jkit-icon-box-wrapper { display: -webkit-box; display: -ms-flexbox; display: flex; -webkit-box-align: start; -ms-flex-align: start; align-items: flex-start; flex-direction: row; } }@media (min-width: 1025px) {.elementor-element.elementor-element-5fc7da27 .jeg-elementor-kit.jkit-icon-box .jkit-icon-box-wrapper .icon-box.icon-box-header { margin-right: 15px; margin-left: unset; } }<\/style>\t\t<div data-elementor-type=\"wp-page\" data-elementor-id=\"108\" class=\"elementor elementor-108\">\n\t\t\t\t\t\t<section class=\"elementor-section elementor-top-section elementor-element elementor-element-9eae7cd elementor-section-full_width elementor-section-height-default elementor-section-height-default\" data-id=\"9eae7cd\" data-element_type=\"section\">\n\t\t\t\t\t\t<div class=\"elementor-container elementor-column-gap-no\">\n\t\t\t\t\t\t<\/div>\n\t\t<\/section>\n\t\t\t\t<section class=\"elementor-section elementor-top-section elementor-element elementor-element-6804c44a elementor-section-full_width elementor-section-height-default elementor-section-height-default\" data-id=\"6804c44a\" data-element_type=\"section\">\n\t\t\t\t\t\t<div class=\"elementor-container elementor-column-gap-default\">\n\t\t\t\t\t<div class=\"elementor-column elementor-col-50 elementor-top-column elementor-element elementor-element-7e5d2fdf\" data-id=\"7e5d2fdf\" data-element_type=\"column\" data-settings=\"{&quot;background_background&quot;:&quot;classic&quot;}\">\n\t\t\t<div class=\"elementor-widget-wrap elementor-element-populated\">\n\t\t\t\t\t\t<div class=\"elementor-element elementor-element-718294f0 elementor-widget elementor-widget-spacer\" data-id=\"718294f0\" data-element_type=\"widget\" data-widget_type=\"spacer.default\">\n\t\t\t\t<div class=\"elementor-widget-container\">\n\t\t\t\t\t\t\t<div class=\"elementor-spacer\">\n\t\t\t<div class=\"elementor-spacer-inner\"><\/div>\n\t\t<\/div>\n\t\t\t\t\t\t<\/div>\n\t\t\t\t<\/div>\n\t\t\t\t\t<\/div>\n\t\t<\/div>\n\t\t\t\t<div class=\"elementor-column elementor-col-50 elementor-top-column elementor-element elementor-element-3ca09eb2\" data-id=\"3ca09eb2\" data-element_type=\"column\" data-settings=\"{&quot;background_background&quot;:&quot;classic&quot;}\">\n\t\t\t<div class=\"elementor-widget-wrap elementor-element-populated\">\n\t\t\t\t\t<div class=\"elementor-background-overlay\"><\/div>\n\t\t\t\t\t\t<div class=\"elementor-element elementor-element-40d80c03 elementor-invisible elementor-widget elementor-widget-heading\" data-id=\"40d80c03\" data-element_type=\"widget\" data-settings=\"{&quot;_animation&quot;:&quot;fadeInDown&quot;}\" data-widget_type=\"heading.default\">\n\t\t\t\t<div class=\"elementor-widget-container\">\n\t\t\t\t\t<h1 class=\"elementor-heading-title elementor-size-default\">Relax u Jan\u010di<\/h1>\t\t\t\t<\/div>\n\t\t\t\t<\/div>\n\t\t\t\t<div class=\"elementor-element elementor-element-713e5157 elementor-invisible elementor-widget elementor-widget-text-editor\" data-id=\"713e5157\" data-element_type=\"widget\" data-settings=\"{&quot;_animation&quot;:&quot;fadeInUp&quot;}\" data-widget_type=\"text-editor.default\">\n\t\t\t\t<div class=\"elementor-widget-container\">\n\t\t\t\t\t\t\t\t\t<ul><li>Mas\u00e1\u017ee,<\/li><li>Kosmetick\u00e9 slu\u017eby<\/li><li>Pedik\u00fara<\/li><\/ul>\t\t\t\t\t\t\t\t<\/div>\n\t\t\t\t<\/div>\n\t\t\t\t<div class=\"elementor-element elementor-element-2c77f0ed elementor-mobile-align-center elementor-tablet-align-center elementor-align-left elementor-widget__width-auto elementor-widget-mobile__width-inherit elementor-invisible elementor-widget elementor-widget-button\" data-id=\"2c77f0ed\" data-element_type=\"widget\" data-settings=\"{&quot;_animation&quot;:&quot;fadeInUp&quot;}\" data-widget_type=\"button.default\">\n\t\t\t\t<div class=\"elementor-widget-container\">\n\t\t\t\t\t\t\t\t\t<div class=\"elementor-button-wrapper\">\n\t\t\t\t\t<a class=\"elementor-button elementor-button-link elementor-size-md elementor-animation-grow\" href=\"tel:604555505\">\n\t\t\t\t\t\t<span class=\"elementor-button-content-wrapper\">\n\t\t\t\t\t\t<span class=\"elementor-button-icon\">\n\t\t\t\t<i aria-hidden=\"true\" class=\"fas fa-phone-square\"><\/i>\t\t\t<\/span>\n\t\t\t\t\t\t\t\t\t<span class=\"elementor-button-text\">Zavolat<\/span>\n\t\t\t\t\t<\/span>\n\t\t\t\t\t<\/a>\n\t\t\t\t<\/div>\n\t\t\t\t\t\t\t\t<\/div>\n\t\t\t\t<\/div>\n\t\t\t\t<div class=\"elementor-element elementor-element-a429df2 elementor-widget__width-auto elementor-hidden-tablet elementor-hidden-mobile elementor-invisible elementor-widget elementor-widget-heading\" data-id=\"a429df2\" data-element_type=\"widget\" data-settings=\"{&quot;_animation&quot;:&quot;fadeInDown&quot;}\" data-widget_type=\"heading.default\">\n\t\t\t\t<div class=\"elementor-widget-container\">\n\t\t\t\t\t<h1 class=\"elementor-heading-title elementor-size-default\">+420 603 164 590<\/h1>\t\t\t\t<\/div>\n\t\t\t\t<\/div>\n\t\t\t\t\t<\/div>\n\t\t<\/div>\n\t\t\t\t\t<\/div>\n\t\t<\/section>\n\t\t\t\t<section class=\"elementor-section elementor-top-section elementor-element elementor-element-2246e40a elementor-reverse-tablet elementor-reverse-mobile elementor-section-boxed elementor-section-height-default elementor-section-height-default\" data-id=\"2246e40a\" data-element_type=\"section\" data-settings=\"{&quot;background_background&quot;:&quot;gradient&quot;}\">\n\t\t\t\t\t\t\t<div class=\"elementor-background-overlay\"><\/div>\n\t\t\t\t\t\t\t<div class=\"elementor-container elementor-column-gap-default\">\n\t\t\t\t\t<div class=\"elementor-column elementor-col-33 elementor-top-column elementor-element elementor-element-27c0aaba\" data-id=\"27c0aaba\" data-element_type=\"column\" data-settings=\"{&quot;background_background&quot;:&quot;classic&quot;,&quot;animation&quot;:&quot;none&quot;}\">\n\t\t\t<div class=\"elementor-widget-wrap elementor-element-populated\">\n\t\t\t\t\t<div class=\"elementor-background-overlay\"><\/div>\n\t\t\t\t\t\t<section class=\"elementor-section elementor-inner-section elementor-element elementor-element-4af258cd elementor-section-boxed elementor-section-height-default elementor-section-height-default elementor-invisible\" data-id=\"4af258cd\" data-element_type=\"section\" data-settings=\"{&quot;animation&quot;:&quot;fadeInUp&quot;}\">\n\t\t\t\t\t\t\t<div class=\"elementor-background-overlay\"><\/div>\n\t\t\t\t\t\t\t<div class=\"elementor-container elementor-column-gap-default\">\n\t\t\t\t\t<div class=\"elementor-column elementor-col-100 elementor-inner-column elementor-element elementor-element-20360798 elementor-invisible\" data-id=\"20360798\" data-element_type=\"column\" data-settings=\"{&quot;animation&quot;:&quot;fadeInUp&quot;}\">\n\t\t\t<div class=\"elementor-widget-wrap elementor-element-populated\">\n\t\t\t\t\t\t<div class=\"elementor-element elementor-element-108cc1b elementor-widget elementor-widget-heading\" data-id=\"108cc1b\" data-element_type=\"widget\" data-widget_type=\"heading.default\">\n\t\t\t\t<div class=\"elementor-widget-container\">\n\t\t\t\t\t<h3 class=\"elementor-heading-title elementor-size-default\">Otev\u00edrac\u00ed hodiny<\/h3>\t\t\t\t<\/div>\n\t\t\t\t<\/div>\n\t\t\t\t<div class=\"elementor-element elementor-element-5fc7da27 jkit-equal-height-disable elementor-widget elementor-widget-jkit_icon_box\" data-id=\"5fc7da27\" data-element_type=\"widget\" data-widget_type=\"jkit_icon_box.default\">\n\t\t\t\t<div class=\"elementor-widget-container\">\n\t\t\t\t\t<div  class=\"jeg-elementor-kit jkit-icon-box icon-position-left elementor-animation-float jeg_module___69e357f90faa5\" ><div class=\"jkit-icon-box-wrapper hover-from-left\"><div class=\"icon-box icon-box-header elementor-animation-\"><div class=\"icon style-color\"><i aria-hidden=\"true\" class=\"jki jki-clock11-light\"><\/i><\/div><\/div><div class=\"icon-box icon-box-body\">\n                <h2 class=\"title\">Pond\u011bl\u00ed - P\u00e1tek<\/h2><p class=\"icon-box-description\">Pouze pro objednan\u00e9 klienty! Rezervace p\u0159ij\u00edm\u00e1m na uveden\u00fdch kontaktech. Pokud se  nedovol\u00e1te, sta\u010d\u00ed zaslat sms, co nejd\u0159\u00edve se ozvu zp\u011bt.<\/p>\n            <\/div>\n            \n            <\/div><\/div>\t\t\t\t<\/div>\n\t\t\t\t<\/div>\n\t\t\t\t\t<\/div>\n\t\t<\/div>\n\t\t\t\t\t<\/div>\n\t\t<\/section>\n\t\t\t\t\t<\/div>\n\t\t<\/div>\n\t\t\t\t<div class=\"elementor-column elementor-col-66 elementor-top-column elementor-element elementor-element-3eae11dd\" data-id=\"3eae11dd\" data-element_type=\"column\">\n\t\t\t<div class=\"elementor-widget-wrap elementor-element-populated\">\n\t\t\t\t\t\t<div class=\"elementor-element elementor-element-4d40570 elementor-widget elementor-widget-image\" data-id=\"4d40570\" data-element_type=\"widget\" data-widget_type=\"image.default\">\n\t\t\t\t<div class=\"elementor-widget-container\">\n\t\t\t\t\t\t\t\t\t\t\t\t\t\t\t<img fetchpriority=\"high\" decoding=\"async\" width=\"800\" height=\"534\" src=\"https:\/\/relaxujanci.cz\/wp-content\/uploads\/2022\/05\/young-woman-opening-a-shop-1024x684.jpg\" class=\"attachment-large size-large wp-image-278\" alt=\"Young woman opening a shop\" srcset=\"https:\/\/relaxujanci.cz\/wp-content\/uploads\/2022\/05\/young-woman-opening-a-shop-1024x684.jpg 1024w, https:\/\/relaxujanci.cz\/wp-content\/uploads\/2022\/05\/young-woman-opening-a-shop-300x200.jpg 300w, https:\/\/relaxujanci.cz\/wp-content\/uploads\/2022\/05\/young-woman-opening-a-shop-768x513.jpg 768w, https:\/\/relaxujanci.cz\/wp-content\/uploads\/2022\/05\/young-woman-opening-a-shop-1536x1025.jpg 1536w, https:\/\/relaxujanci.cz\/wp-content\/uploads\/2022\/05\/young-woman-opening-a-shop.jpg 2000w\" sizes=\"(max-width: 800px) 100vw, 800px\" \/>\t\t\t\t\t\t\t\t\t\t\t\t\t\t\t<\/div>\n\t\t\t\t<\/div>\n\t\t\t\t\t<\/div>\n\t\t<\/div>\n\t\t\t\t\t<\/div>\n\t\t<\/section>\n\t\t\t\t<section class=\"elementor-section elementor-top-section elementor-element elementor-element-1396e389 elementor-section-full_width elementor-section-height-default elementor-section-height-default\" data-id=\"1396e389\" data-element_type=\"section\">\n\t\t\t\t\t\t<div class=\"elementor-container elementor-column-gap-no\">\n\t\t\t\t\t\t<\/div>\n\t\t<\/section>\n\t\t\t\t<\/div>\n\t\t","protected":false},"excerpt":{"rendered":"<p>Relax u Jan\u010di Mas\u00e1\u017ee, Kosmetick\u00e9 slu\u017eby Pedik\u00fara Zavolat +420 603 164 590 Otev\u00edrac\u00ed hodiny Pond\u011bl\u00ed &#8211; P\u00e1tek Pouze pro objednan\u00e9 klienty! Rezervace p\u0159ij\u00edm\u00e1m na uveden\u00fdch kontaktech. Pokud se nedovol\u00e1te, sta\u010d\u00ed zaslat sms, co nejd\u0159\u00edve se ozvu zp\u011bt.<\/p>\n","protected":false},"author":2,"featured_media":0,"parent":0,"menu_order":0,"comment_status":"closed","ping_status":"closed","template":"","meta":{"footnotes":""},"class_list":["post-108","page","type-page","status-publish","hentry"],"_links":{"self":[{"href":"https:\/\/relaxujanci.cz\/index.php\/wp-json\/wp\/v2\/pages\/108","targetHints":{"allow":["GET"]}}],"collection":[{"href":"https:\/\/relaxujanci.cz\/index.php\/wp-json\/wp\/v2\/pages"}],"about":[{"href":"https:\/\/relaxujanci.cz\/index.php\/wp-json\/wp\/v2\/types\/page"}],"author":[{"embeddable":true,"href":"https:\/\/relaxujanci.cz\/index.php\/wp-json\/wp\/v2\/users\/2"}],"replies":[{"embeddable":true,"href":"https:\/\/relaxujanci.cz\/index.php\/wp-json\/wp\/v2\/comments?post=108"}],"version-history":[{"count":187,"href":"https:\/\/relaxujanci.cz\/index.php\/wp-json\/wp\/v2\/pages\/108\/revisions"}],"predecessor-version":[{"id":857,"href":"https:\/\/relaxujanci.cz\/index.php\/wp-json\/wp\/v2\/pages\/108\/revisions\/857"}],"wp:attachment":[{"href":"https:\/\/relaxujanci.cz\/index.php\/wp-json\/wp\/v2\/media?parent=108"}],"curies":[{"name":"wp","href":"https:\/\/api.w.org\/{rel}","templated":true}]}}